{"id":1298,"date":"2020-06-13T00:12:56","date_gmt":"2020-06-12T23:12:56","guid":{"rendered":"http:\/\/www.goers.app\/?post_type=product&#038;p=1298"},"modified":"2021-02-27T17:52:50","modified_gmt":"2021-02-27T16:52:50","slug":"mercedes-a45-amg","status":"publish","type":"product","link":"https:\/\/goers.app\/ar\/product\/mercedes-a45-amg\/","title":{"rendered":"Mercedes A45 AMG"},"content":{"rendered":"<div class=\"xs_social_share_widget xs_share_url after_content \t\tmain_content  wslu-style-1 wslu-share-box-shaped wslu-fill-colored wslu-none wslu-share-horizontal wslu-theme-font-no wslu-main_content\">\n\n\t\t\n        <ul>\n\t\t\t        <\/ul>\n    <\/div>","protected":false},"excerpt":{"rendered":"<p>Succ\u00e8s commercial ind\u00e9niable, la premi\u00e8re g\u00e9n\u00e9ration de Mercedes-AMG A 45 a permis \u00e0 la firme d&#8217;Affalterbach d&#8217;\u00e9tendre son portefeuille client. C&#8217;est encore plus le cas aujourd&#8217;hui avec l&#8217;<a href=\"https:\/\/fr.motor1.com\/reviews\/350731\/essai-mercedes-amg-a35-2019\/\">A 35<\/a>, mais la v\u00e9ritable star c&#8217;est elle : la Mercedes-AMG A 45. La voiture embarque le quatre cylindres le plus puissant du march\u00e9. Vous pouvez d&#8217;ailleurs retrouver toutes ses sp\u00e9cificit\u00e9s en suivant\u00a0<a href=\"https:\/\/fr.motor1.com\/news\/353247\/mercedes-amg-moteur-m139\/\">ce lien<\/a>. Pour vulgariser la chose, le quatre cylindres 2,0 litres est port\u00e9 \u00e0 une puissance de 387 chevaux (\u00e0 6500 tr\/min) et 480 Nm (de 4750 \u00e0 5000 tr\/min), lui permettant d&#8217;abattre le 0 \u00e0 100 km\/h en 4,0 secondes et d&#8217;atteindre 250 km\/h en vitesse de pointe.<\/p>","protected":false},"featured_media":1300,"template":"","meta":{"inline_featured_image":false},"product_brand":[],"product_cat":[130,107,125],"product_tag":[131],"class_list":{"0":"post-1298","1":"product","2":"type-product","3":"status-publish","4":"has-post-thumbnail","6":"product_cat-cars","7":"product_cat-luxury","8":"product_cat-sports","9":"product_tag-mercedes","11":"first","12":"instock","13":"taxable","14":"shipping-taxable","15":"purchasable","16":"product-type-redq_rental"},"_links":{"self":[{"href":"https:\/\/goers.app\/ar\/wp-json\/wp\/v2\/product\/1298","targetHints":{"allow":["GET"]}}],"collection":[{"href":"https:\/\/goers.app\/ar\/wp-json\/wp\/v2\/product"}],"about":[{"href":"https:\/\/goers.app\/ar\/wp-json\/wp\/v2\/types\/product"}],"wp:featuredmedia":[{"embeddable":true,"href":"https:\/\/goers.app\/ar\/wp-json\/wp\/v2\/media\/1300"}],"wp:attachment":[{"href":"https:\/\/goers.app\/ar\/wp-json\/wp\/v2\/media?parent=1298"}],"wp:term":[{"taxonomy":"product_brand","embeddable":true,"href":"https:\/\/goers.app\/ar\/wp-json\/wp\/v2\/product_brand?post=1298"},{"taxonomy":"product_cat","embeddable":true,"href":"https:\/\/goers.app\/ar\/wp-json\/wp\/v2\/product_cat?post=1298"},{"taxonomy":"product_tag","embeddable":true,"href":"https:\/\/goers.app\/ar\/wp-json\/wp\/v2\/product_tag?post=1298"}],"curies":[{"name":"wp","href":"https:\/\/api.w.org\/{rel}","templated":true}]}}